{"id":58,"date":"2018-06-07T16:37:51","date_gmt":"2018-06-07T14:37:51","guid":{"rendered":"http:\/\/escalebeaute-coiffure.fr\/?page_id=58"},"modified":"2018-06-25T11:49:46","modified_gmt":"2018-06-25T09:49:46","slug":"optez-pour-le-naturel","status":"publish","type":"page","link":"https:\/\/escalebeaute-coiffure.fr\/?page_id=58","title":{"rendered":"Optez pour le naturel"},"content":{"rendered":"<p><strong>A l\u2019\u00e9coute de vos envies<\/strong> nous vous apporterons <strong>des conseils personnalis\u00e9s<\/strong> gr\u00e2ce \u00e0 notre savoir-faire.<\/p>\n<p><strong>Sp\u00e9cialistes des m\u00e8ches et couleurs<\/strong> par les formations r\u00e9guli\u00e8res, nous sublimerons vos cheveux et vous accompagnerons dans vos <strong>coiffages de c\u00e9r\u00e9monie.<\/strong><br \/>\nToujours aussi passionn\u00e9e de coiffure mais aussi le bien \u00eatre, j&rsquo;\u00e9volue dans la technique de la couleur v\u00e9g\u00e9tales, je vous propose de nouveaux services pour votre plus grand plaisir.<\/p>\n<p><strong>La couleur v\u00e9g\u00e9tale : v\u00e9ritable soin capillaire naturel<\/strong><\/p>\n<p style=\"text-align: center;\"><iframe loading=\"lazy\" src=\"https:\/\/www.youtube.com\/embed\/SuQE0xQ_qtQ\" width=\"460\" height=\"315\" frameborder=\"0\" allowfullscreen=\"allowfullscreen\"><\/iframe><\/p>\n<p>Bienvenue dans l&rsquo;univers Couleurs Ga\u00efa, la coloration 100% v\u00e9g\u00e9tale, soins capillaires naturels, bio et responsables. C\u2019est une gamme professionnelle totalement novatrice qui combine les couleurs 100% v\u00e9g\u00e9tales aux bienfaits des plantes ayurv\u00e9diques .nt\u00a0\u00bb<br \/>\n\u00ab\u00a0Sp\u00e9cialiste du m\u00e9tier de coloriste v\u00e9g\u00e9tal \u00e0 partir de plantes et de henn\u00e9, j&rsquo;apporte un regard professionnel, bienveillant et attentionn\u00e9 \u00e0 vos cheveux. Professionnelle de la coiffure depuis plus de 20 ans, b\u00e9n\u00e9ficiez de prestations de haute qualit\u00e9 pour vos cheveux dans leurs couleurs et leurs soins respectueux de l&rsquo;environnement.\u00a0\u00bb<br \/>\nLa couleur 100 % v\u00e9g\u00e9tale est un v\u00e9ritable soin capillaire naturel qui permet de respecter le cheveu, le soigner, consid\u00e9rer sa mati\u00e8re vivante.<br \/>\nJ\u2019ai choisi \u00ab Couleurs Ga\u00efa \u00bb, car la coloration est 100% v\u00e9g\u00e9tale et les soins capillaires naturels sont bio et responsables. Je peux ainsi exercer ma passion \u2013 le soin du cheveu \u2013 en accord avec mes convictions : le respect du cheveu, de l\u2019homme et de la nature.<br \/>\n.<br \/>\nLa composition des produits couleurs Ga\u00efa est de qualit\u00e9 et les r\u00e9sultats de la coloration sont magnifiques.<\/p>\n<p>La composition des couleurs :<img loading=\"lazy\" decoding=\"async\" class=\"size-medium wp-image-187 alignleft\" src=\"http:\/\/escalebeaute-coiffure.fr\/wp-content\/uploads\/2018\/06\/altearah_carres_rvb-300x181.png\" alt=\"\" width=\"300\" height=\"181\" srcset=\"https:\/\/escalebeaute-coiffure.fr\/wp-content\/uploads\/2018\/06\/altearah_carres_rvb-300x181.png 300w, https:\/\/escalebeaute-coiffure.fr\/wp-content\/uploads\/2018\/06\/altearah_carres_rvb-768x463.png 768w, https:\/\/escalebeaute-coiffure.fr\/wp-content\/uploads\/2018\/06\/altearah_carres_rvb-1024x618.png 1024w, https:\/\/escalebeaute-coiffure.fr\/wp-content\/uploads\/2018\/06\/altearah_carres_rvb.png 1409w\" sizes=\"(max-width: 300px) 100vw, 300px\" \/><br \/>\nLes couleurs sont \u00e9labor\u00e9es exclusivement avec des poudres de plantes, sans oxydant, sans sels m\u00e9talliques ni sodium picramate, sans ammoniaque, sans paraph\u00e9nyl\u00e8nediamine ou tout autre ingr\u00e9dient chimique\u2026<\/p>\n<p>Id\u00e9ales pour toutes, les colorations Ayurveda sont recommand\u00e9es pour les femmes enceintes, les personnes sensibles ou allergiques aux colorations chimiques ou bien ayant un suivi une chimioth\u00e9rapie.<\/p>\n<p>Elles font le bonheur des personnes soucieuses de leur sant\u00e9, de la beaut\u00e9 de leurs cheveux et respectueuses de l&rsquo;environnement.<\/p>\n<p>&nbsp;<\/p>\n<p>Garantie :<\/p>\n<ul>\n<li>Des couleurs pures 100% v\u00e9g\u00e9tale<\/li>\n<li>Une bonne tenue dans le temps<\/li>\n<li>Une belle couverture des cheveux blancs<\/li>\n<li>Des r\u00e9sultats fonc\u00e9s exceptionnels<\/li>\n<\/ul>\n<p>Les couleurs 100% v\u00e9g\u00e9tales sont test\u00e9es depuis plusieurs ann\u00e9es en salon et les r\u00e9sultats sont excellents.<\/p>\n<p>La coloration devient un v\u00e9ritable soin traitant, r\u00e9parateur et apaisant. La gamme AYURVEDA permet d&rsquo;obtenir des couleurs cuivr\u00e9es intenses et de tr\u00e8s beaux fonc\u00e9s sur cheveux blancs ce qui est une v\u00e9ritable r\u00e9volution dans le domaine du 100% v\u00e9g\u00e9tal.<br \/>\nPour accompagner au mieux la tenue de votre couleur et poursuivre les soins de vos cheveux, je vous propose toute la gamme de soins associ\u00e9s, labellis\u00e9e bio.<\/p>\n<p><strong>Le soin d&rsquo;argile<\/strong> permet de d\u00e9toxiner le cuir chevelu (cheveux gras, pellicules, psoriasis, chute\u2026). Ce soin est primordial pour que le bulbe du cheveu se r\u00e9g\u00e9n\u00e8re et reprenne vie. L\u2019argile va permettre un nettoyage r\u00e9gulier et profond du bulbe. Le cheveu retrouve vigueur. Plus le cuir chevelu est nettoy\u00e9, plus il est propice et r\u00e9ceptif aux bons \u00e9changes cellulaires.<\/p>\n<p><strong>Le shiatsu cr\u00e2nien<\/strong> permet de stimuler les points d\u2019acupuncture et apporte bien-\u00eatre et d\u00e9tente (massage du cuir chevelu en fonction des m\u00e9ridiens).<\/p>\n<p><strong>La coupe \u00e9nerg\u00e9tique aux ciseaux chauffants<\/strong> active la circulation du sang et redonne du volume au cheveu, plus de brillance et de mall\u00e9abilit\u00e9. La temp\u00e9rature des lames du ciseaux varie de 120\u00b0C \u00e0 250\u00b0C suivant le diagnostic \u00e9tabli.<\/p>\n","protected":false},"excerpt":{"rendered":"<p>A l\u2019\u00e9coute de vos envies nous vous apporterons des conseils personnalis\u00e9s gr\u00e2ce \u00e0 notre savoir-faire. Sp\u00e9cialistes des m\u00e8ches et couleurs &hellip; <\/p>\n<p><a href=\"https:\/\/escalebeaute-coiffure.fr\/?page_id=58\" class=\"more-link\">Lire la suite<\/a><\/p>\n","protected":false},"author":1,"featured_media":0,"parent":0,"menu_order":0,"comment_status":"closed","ping_status":"closed","template":"","meta":{"footnotes":""},"_links":{"self":[{"href":"https:\/\/escalebeaute-coiffure.fr\/index.php?rest_route=\/wp\/v2\/pages\/58"}],"collection":[{"href":"https:\/\/escalebeaute-coiffure.fr\/index.php?rest_route=\/wp\/v2\/pages"}],"about":[{"href":"https:\/\/escalebeaute-coiffure.fr\/index.php?rest_route=\/wp\/v2\/types\/page"}],"author":[{"embeddable":true,"href":"https:\/\/escalebeaute-coiffure.fr\/index.php?rest_route=\/wp\/v2\/users\/1"}],"replies":[{"embeddable":true,"href":"https:\/\/escalebeaute-coiffure.fr\/index.php?rest_route=%2Fwp%2Fv2%2Fcomments&post=58"}],"version-history":[{"count":8,"href":"https:\/\/escalebeaute-coiffure.fr\/index.php?rest_route=\/wp\/v2\/pages\/58\/revisions"}],"predecessor-version":[{"id":192,"href":"https:\/\/escalebeaute-coiffure.fr\/index.php?rest_route=\/wp\/v2\/pages\/58\/revisions\/192"}],"wp:attachment":[{"href":"https:\/\/escalebeaute-coiffure.fr\/index.php?rest_route=%2Fwp%2Fv2%2Fmedia&parent=58"}],"curies":[{"name":"wp","href":"https:\/\/api.w.org\/{rel}","templated":true}]}}