{"id":54,"date":"2018-06-07T16:31:26","date_gmt":"2018-06-07T14:31:26","guid":{"rendered":"http:\/\/escalebeaute-coiffure.fr\/?page_id=54"},"modified":"2018-06-18T16:30:28","modified_gmt":"2018-06-18T14:30:28","slug":"specialite-en-coupe","status":"publish","type":"page","link":"https:\/\/escalebeaute-coiffure.fr\/?page_id=54","title":{"rendered":"Sp\u00e9cialit\u00e9 en coupe"},"content":{"rendered":"<p><img loading=\"lazy\" decoding=\"async\" class=\" wp-image-148 alignleft\" src=\"http:\/\/escalebeaute-coiffure.fr\/wp-content\/uploads\/2018\/06\/schema_2.jpg\" alt=\"\" width=\"246\" height=\"230\" \/><\/p>\n<p>&nbsp;<\/p>\n<p><strong>Coupe en fonction du cr\u00e2ne et de votre visage<\/strong> (caralogie et morphovisagisme)\u00a0permet de se recoiffer tr\u00e8s facilement car les volumes sont d\u00e9termin\u00e9s \u00e0 la coupe en fonction de votre cr\u00e2ne et non au coiffant et les longueurs sont en fonction de votre visage.<\/p>\n<p>&nbsp;<\/p>\n<p>Soin <strong>TRIKOLEADER<\/strong> (ciseaux chauffants)\u00a0100% NATUREL, SANS PRODUIT &#8211; R\u00e9g\u00e9n\u00e9ration naturelle de votre chevelure (conseill\u00e9 par le corps m\u00e9dical).<\/p>\n<p>Tarif : 8 \u20ac<\/p>\n<p>&nbsp;<\/p>\n<p>Le soin <strong>TRIKOLEADER<\/strong> est l&rsquo;un des soins les plus performants sur le march\u00e9. Il soigne simultan\u00e9ment les pathologies du cheveu et du cuir chevelu et son efficacit\u00e9 est reconnue<\/p>\n<p>&nbsp;<\/p>\n<h3>Caut\u00e9risation<\/h3>\n<p><img loading=\"lazy\" decoding=\"async\" class=\" wp-image-146 alignleft\" src=\"http:\/\/escalebeaute-coiffure.fr\/wp-content\/uploads\/2018\/06\/noncoto2.gif\" alt=\"\" width=\"145\" height=\"188\" \/><\/p>\n<p><img loading=\"lazy\" decoding=\"async\" class=\" wp-image-147 alignleft\" src=\"http:\/\/escalebeaute-coiffure.fr\/wp-content\/uploads\/2018\/06\/coto2.gif\" alt=\"\" width=\"144\" height=\"187\" \/><\/p>\n<p>&nbsp;<\/p>\n<p>&nbsp;<\/p>\n<p>La chaleur permet de caut\u00e9riser les pointes et de pr\u00e9server ainsi les substances endog\u00e8nes et nutritives du cheveu. D\u00e8s le 1er soin, votre cheveu retrouve plus d&rsquo;\u00e9nergie, d&rsquo;\u00e9clat, de douceur, de volume, les fourches disparaissent durablement, la tenue de votre brushing sera prolong\u00e9e.<\/p>\n<h3><\/h3>\n<h3><\/h3>\n<h3>Biostimulation<\/h3>\n<p>La synergie de la chaleur et de l&rsquo;eau stimule le contexte annex\u00e9 \u00e0 la vie du cheveu, le cuir chevelu s&rsquo;en trouve assaini. Pellicules, d\u00e9mangeaisons, psoriasis, s\u00e9borrh\u00e9e, chute de cheveux (y compris chimioth\u00e9rapie) r\u00e9gressent sensiblement voire disparaissent. L&rsquo;autor\u00e9g\u00e9n\u00e9ration capillaire est am\u00e9lior\u00e9e.Apr\u00e8s un diagnostic approfondi du cuir chevelu et du cheveu, une temp\u00e9rature de coupe situ\u00e9e entre 50 et 240\u00b0 sera s\u00e9lectionn\u00e9e suivant le probl\u00e8me \u00e0 traiter. Une chevelure embellie, c&rsquo;est un bien-\u00eatre retrouv\u00e9.<\/p>\n<p>&nbsp;<\/p>\n<h3>Cure de k\u00e9ratine<\/h3>\n<p>La cure de k\u00e9ratine (appel\u00e9e aussi soin profond \u00e0 la k\u00e9ratine) se r\u00e9alise avec les m\u00eames produits que le lissage br\u00e9silien. Les produits p\u00e9n\u00e8trent dans les cheveux gr\u00e0ce \u00e0 un lisseur infra rouge.<\/p>\n<p>N&rsquo;h\u00e9sitez pas \u00e0 nous consulter pour plus d&rsquo;informations.<\/p>\n","protected":false},"excerpt":{"rendered":"<p>&nbsp; Coupe en fonction du cr\u00e2ne et de votre visage (caralogie et morphovisagisme)\u00a0permet de se recoiffer tr\u00e8s facilement car les &hellip; <\/p>\n<p><a href=\"https:\/\/escalebeaute-coiffure.fr\/?page_id=54\" class=\"more-link\">Lire la suite<\/a><\/p>\n","protected":false},"author":1,"featured_media":0,"parent":0,"menu_order":0,"comment_status":"closed","ping_status":"closed","template":"","meta":{"footnotes":""},"_links":{"self":[{"href":"https:\/\/escalebeaute-coiffure.fr\/index.php?rest_route=\/wp\/v2\/pages\/54"}],"collection":[{"href":"https:\/\/escalebeaute-coiffure.fr\/index.php?rest_route=\/wp\/v2\/pages"}],"about":[{"href":"https:\/\/escalebeaute-coiffure.fr\/index.php?rest_route=\/wp\/v2\/types\/page"}],"author":[{"embeddable":true,"href":"https:\/\/escalebeaute-coiffure.fr\/index.php?rest_route=\/wp\/v2\/users\/1"}],"replies":[{"embeddable":true,"href":"https:\/\/escalebeaute-coiffure.fr\/index.php?rest_route=%2Fwp%2Fv2%2Fcomments&post=54"}],"version-history":[{"count":3,"href":"https:\/\/escalebeaute-coiffure.fr\/index.php?rest_route=\/wp\/v2\/pages\/54\/revisions"}],"predecessor-version":[{"id":149,"href":"https:\/\/escalebeaute-coiffure.fr\/index.php?rest_route=\/wp\/v2\/pages\/54\/revisions\/149"}],"wp:attachment":[{"href":"https:\/\/escalebeaute-coiffure.fr\/index.php?rest_route=%2Fwp%2Fv2%2Fmedia&parent=54"}],"curies":[{"name":"wp","href":"https:\/\/api.w.org\/{rel}","templated":true}]}}