{"id":52,"date":"2018-06-07T16:31:01","date_gmt":"2018-06-07T14:31:01","guid":{"rendered":"http:\/\/escalebeaute-coiffure.fr\/?page_id=52"},"modified":"2018-06-18T16:02:36","modified_gmt":"2018-06-18T14:02:36","slug":"conseil-en-image","status":"publish","type":"page","link":"https:\/\/escalebeaute-coiffure.fr\/?page_id=52","title":{"rendered":"Conseil en image"},"content":{"rendered":"<h3>Le relooking, c&rsquo;est du conseil en image personnel et professionnel. Votre style est-il adapt\u00e9 aux circonstances de votre vie ?<\/h3>\n<p>C&rsquo;est l&rsquo;\u00e9tude de votre apparence, coiffure, maquillage, v\u00eatements, accessoires, typologie\u2026. Le conseil en image s&rsquo;appuie sur ce qui se d\u00e9gage de la personne, son charisme, sa gestuelle, ses mimiques. D&rsquo;un simple regard, nous avons une premi\u00e8re impression de la personne. Fa\u00e7onner son image, trouver son style, travailler sa personnalit\u00e9 en fonction de soi m\u00eame est un investissement durable.<br \/>\n<img loading=\"lazy\" decoding=\"async\" class=\"wp-image-114 alignleft\" src=\"http:\/\/escalebeaute-coiffure.fr\/wp-content\/uploads\/2018\/06\/relooking-nb.jpg\" alt=\"\" width=\"605\" height=\"385\" srcset=\"https:\/\/escalebeaute-coiffure.fr\/wp-content\/uploads\/2018\/06\/relooking-nb.jpg 915w, https:\/\/escalebeaute-coiffure.fr\/wp-content\/uploads\/2018\/06\/relooking-nb-300x191.jpg 300w, https:\/\/escalebeaute-coiffure.fr\/wp-content\/uploads\/2018\/06\/relooking-nb-768x489.jpg 768w\" sizes=\"(max-width: 605px) 100vw, 605px\" \/><br \/>\n<strong>Votre image, votre look est et restera votre propre carte de visite.<\/strong><\/p>\n<p>Compl\u00e9mentaire au mental, l&rsquo;apparence est tr\u00e8s importante dans notre soci\u00e9t\u00e9 moderne. Combien de portes ou de regards se sont ferm\u00e9s \u00e0 cause d&rsquo;un look inadapt\u00e9 \u00e0 la circonstance ? N&rsquo;est-ce pas une raison suffisante pour s&rsquo;en pr\u00e9occuper ?<\/p>\n<p>Public concern\u00e9 : Toutes personnes hommes ou femmes (de l&rsquo;\u00e9tudiant au retrait\u00e9).<br \/>\nObjectif : Prendre conscience de l&rsquo;importance de la communication non verbale. Apprendre \u00e0 valoriser son image (un look adapt\u00e9 \u00e0 la circonstance vaut mieux qu&rsquo;un long discours).<br \/>\nEnjeu : Faire de son image un atout majeur. Mon apparence correspond-elle \u00e0 ma personnalit\u00e9 ? Mon style est-il adapt\u00e9 aux circonstances de ma vie ? (vie personnelle, professionnelle, s\u00e9duction, prise de poids, mal \u00eatre\u2026). On n&rsquo;a jamais deux occasions de faire une premi\u00e8re bonne impression..<\/p>\n<p>FACONNER SON IMAGE, SON STYLE EN FONCTION DE SA PERSONNALITE ET LES METTRE EN VALEUR&#8230; un atout majeur et indispensable dans votre vie.<\/p>\n<h3><\/h3>\n<h3>Consultation couleur<\/h3>\n<p><strong>Mettez votre personnalit\u00e9 en valeur par les couleurs.<\/strong><\/p>\n<p>La consultation couleur est primordiale et doit \u00eatre r\u00e9alis\u00e9e avant toutes les autres consultations.<br \/>\nD\u00e9couvrez votre typologie et les couleurs qui vous mettent en valeur.<br \/>\nLa couleur influence l&rsquo;humeur et le regard des autres sur vous. Elle agit inconsciemment sur votre corps et vos comportements.<br \/>\nA vous de jouer\u2026 Etes-vous ? Printemps ? Et\u00e9 ? Automne ? Hiver ?<\/p>\n<p>Remise de documents : votre plaquette couleur<\/p>\n<h3>Consultation morphovisagisme<\/h3>\n<p><strong>Ext\u00e9riorisez ce qui vous rend unique.<\/strong><\/p>\n<p>D\u00e9couvrez :<br \/>\nLa morphologie de votre visage, votre style, votre personnalit\u00e9, votre gestuelle intuitive, les couleurs et les volumes de votre chevelure qui mettront le plus en valeur votre visage, les conseils et les gestes simples pour vous recoiffer vous-m\u00eame.<\/p>\n<p>Dur\u00e9e : 1h30<br \/>\nTarif : Consultation couleur + consultation morphovisagisme 69 \u20ac (ou 109 \u20ac coupe soin brushing compris)<br \/>\nRemise de documents :<br \/>\n&#8211; Une plaquette descriptive de votre visage<br \/>\n&#8211; Les couleurs conseill\u00e9es pour votre chevelure<br \/>\n&#8211; La coupe Brushing (technique en suppl\u00e9ment)<\/p>\n<h3>Consultation maquillage<\/h3>\n<p><strong>Estompez ce que vous n&rsquo;aimez pas et mettez en valeur votre beaut\u00e9 naturelle.<\/strong><\/p>\n<p>Apprenez vous-m\u00eame \u00e0 mettre en valeur votre visage avec :<br \/>\n&#8211; le jeu des ombres et des lumi\u00e8res,<br \/>\n&#8211; vos produits habituels et vos habitudes,<br \/>\n&#8211; d\u00e9couvrez le maquillage anti-\u00e2ge\u2026<\/p>\n<p>Dur\u00e9e : 1h30<br \/>\nTarif : Consultation couleur + consultation maquillage 69 \u20ac<br \/>\nRemise de documents.<\/p>\n<h3>Consultation silhouette<\/h3>\n<p><strong>Trouvez votre personnalit\u00e9 et mettez l\u00e0 en valeur.<\/strong><\/p>\n<p>A partir d&rsquo;une analyse approfondie : de la morphologie de votre silhouette, de votre style, des formes et des couleurs que vous aimez au travers de vos v\u00eatements.<\/p>\n<p>Dur\u00e9e : 1h<br \/>\nTarif : Consultation couleur + consultation silhouette 69 \u20ac<br \/>\nRemise de documents.<\/p>\n<h3>Consultation total look<\/h3>\n<p>La consultation total look comprend :<br \/>\n&#8211; la consultation couleur,<br \/>\n&#8211; la consultation morphovisagisme + coupe brushing,<br \/>\n&#8211; la consultation maquillage + maquillage ou mise en valeur du visage,<br \/>\n&#8211; la consultation silhouette.<\/p>\n<p>Dur\u00e9e : 4 h<br \/>\nTarif forfait dame : 239 \u20ac<br \/>\nForfait monsieur : 169 \u20ac<br \/>\nPossibilit\u00e9 de paiement \u00e9chelonn\u00e9.<br \/>\nRemise de documents.<\/p>\n<p>Escale beaut\u00e9 vous propose un accompagnement shopping, garde robe, suivi d&rsquo;une consultation (prix de l&rsquo;heure : 40 euros)<\/p>\n","protected":false},"excerpt":{"rendered":"<p>Le relooking, c&rsquo;est du conseil en image personnel et professionnel. Votre style est-il adapt\u00e9 aux circonstances de votre vie ? &hellip; <\/p>\n<p><a href=\"https:\/\/escalebeaute-coiffure.fr\/?page_id=52\" class=\"more-link\">Lire la suite<\/a><\/p>\n","protected":false},"author":1,"featured_media":0,"parent":0,"menu_order":0,"comment_status":"closed","ping_status":"closed","template":"","meta":{"footnotes":""},"_links":{"self":[{"href":"https:\/\/escalebeaute-coiffure.fr\/index.php?rest_route=\/wp\/v2\/pages\/52"}],"collection":[{"href":"https:\/\/escalebeaute-coiffure.fr\/index.php?rest_route=\/wp\/v2\/pages"}],"about":[{"href":"https:\/\/escalebeaute-coiffure.fr\/index.php?rest_route=\/wp\/v2\/types\/page"}],"author":[{"embeddable":true,"href":"https:\/\/escalebeaute-coiffure.fr\/index.php?rest_route=\/wp\/v2\/users\/1"}],"replies":[{"embeddable":true,"href":"https:\/\/escalebeaute-coiffure.fr\/index.php?rest_route=%2Fwp%2Fv2%2Fcomments&post=52"}],"version-history":[{"count":5,"href":"https:\/\/escalebeaute-coiffure.fr\/index.php?rest_route=\/wp\/v2\/pages\/52\/revisions"}],"predecessor-version":[{"id":117,"href":"https:\/\/escalebeaute-coiffure.fr\/index.php?rest_route=\/wp\/v2\/pages\/52\/revisions\/117"}],"wp:attachment":[{"href":"https:\/\/escalebeaute-coiffure.fr\/index.php?rest_route=%2Fwp%2Fv2%2Fmedia&parent=52"}],"curies":[{"name":"wp","href":"https:\/\/api.w.org\/{rel}","templated":true}]}}