{"id":2,"date":"2018-06-06T17:04:27","date_gmt":"2018-06-06T15:04:27","guid":{"rendered":"http:\/\/escalebeaute-coiffure.fr\/?page_id=2"},"modified":"2018-06-18T16:30:35","modified_gmt":"2018-06-18T14:30:35","slug":"page-d-exemple","status":"publish","type":"page","link":"https:\/\/escalebeaute-coiffure.fr\/?page_id=2","title":{"rendered":"Espace coiffure"},"content":{"rendered":"<h3>Le salon Escale Beaut\u00e9 est titulaire du label coiffeur cr\u00e9ateur<\/h3>\n<p><strong>Chignons &amp; Coiffure de f\u00eates sur cheveux courts ou longs<\/strong><\/p>\n<p>&nbsp;<\/p>\n<p>Nous avons le plaisir d&rsquo;offrir et de pouvoir r\u00e9aliser des coiffures de mari\u00e9es ou de f\u00eates dignes des plus grands shows de coiffure (voir nos vid\u00e9os).<\/p>\n<p>&nbsp;<\/p>\n<p>C&rsquo;est ensemble, en toute complicit\u00e9, que nous cr\u00e9ons la coiffure qui s&rsquo;adapte parfaitement \u00e0 votre visage, en valorisant vos atouts, en affirmant votre personnalit\u00e9, en totale harmonie avec votre tenue ou votre robe de mari\u00e9e.<\/p>\n<p>Nous nous inspirons du fait que chaque personne est unique, et nous nous effor\u00e7ons de faire ressortir le caract\u00e8re, le style et la beaut\u00e9 qui sont en vous.<\/p>\n<p>Sans engagement de votre part, venez d\u00e9couvrir l&rsquo;importante collection mise \u00e0 votre disposition au salon. N&rsquo;h\u00e9sitez pas \u00e0 nous consulter une \u00e9tude personnalis\u00e9e vous sera offerte.<\/p>\n<p>Nous vous proposons \u00e9galement de r\u00e9aliser le maquillage qui sublimera votre visage et mettra en valeur votre coiffure (produits utilis\u00e9s Make Up For Ever).<\/p>\n<div class=\"foogallery foogallery-container foogallery-default foogallery-lightbox-foobox fg-gutter-10 fg-center fg-default fg-light fg-border-medium fg-round-medium fg-shadow-small  fg-loading-default fg-loaded-fade-in fg-custom   fg-caption-hover fg-hover-fade fg-hover-zoom\" id=\"foogallery-gallery-120\" data-foogallery=\"{&quot;item&quot;:{&quot;showCaptionTitle&quot;:true,&quot;showCaptionDescription&quot;:true},&quot;lazy&quot;:true,&quot;src&quot;:&quot;data-src-fg&quot;,&quot;srcset&quot;:&quot;data-srcset-fg&quot;}\" data-fg-common-fields=\"1\" >\r\n\t<div class=\"fg-item\"><figure class=\"fg-item-inner\"><a  href=\"https:\/\/escalebeaute-coiffure.fr\/wp-content\/uploads\/2018\/06\/escale-beaut\u00e9-chignons-1.jpg\" data-attachment-id=\"121\" class=\" fg-thumb\"><img  width=\"160\" height=\"160\" data-src-fg=\"http:\/\/escalebeaute-coiffure.fr\/wp-content\/uploads\/cache\/2018\/06\/escale-beaut\u00e9-chignons-1\/-121445655.jpg\" class=\"fg-image\" \/><\/a><figcaption class=\"fg-caption\"><div class=\"fg-caption-inner\"><\/div><\/figcaption><\/figure><\/div><div class=\"fg-item\"><figure class=\"fg-item-inner\"><a  href=\"https:\/\/escalebeaute-coiffure.fr\/wp-content\/uploads\/2018\/06\/escale-beaut\u00e9-chignons-2.jpg\" data-attachment-id=\"122\" class=\" fg-thumb\"><img  width=\"160\" height=\"160\" data-src-fg=\"http:\/\/escalebeaute-coiffure.fr\/wp-content\/uploads\/cache\/2018\/06\/escale-beaut\u00e9-chignons-2\/-509494055.jpg\" class=\"fg-image\" \/><\/a><figcaption class=\"fg-caption\"><div class=\"fg-caption-inner\"><\/div><\/figcaption><\/figure><\/div><div class=\"fg-item\"><figure class=\"fg-item-inner\"><a  href=\"https:\/\/escalebeaute-coiffure.fr\/wp-content\/uploads\/2018\/06\/escale-beaut\u00e9-chignons-3.jpg\" data-attachment-id=\"123\" class=\" fg-thumb\"><img  width=\"160\" height=\"160\" data-src-fg=\"http:\/\/escalebeaute-coiffure.fr\/wp-content\/uploads\/cache\/2018\/06\/escale-beaut\u00e9-chignons-3\/-377522487.jpg\" class=\"fg-image\" \/><\/a><figcaption class=\"fg-caption\"><div class=\"fg-caption-inner\"><\/div><\/figcaption><\/figure><\/div><div class=\"fg-item\"><figure class=\"fg-item-inner\"><a  href=\"https:\/\/escalebeaute-coiffure.fr\/wp-content\/uploads\/2018\/06\/escale-beaut\u00e9-chignons-4.jpg\" data-attachment-id=\"124\" class=\" fg-thumb\"><img  width=\"160\" height=\"160\" data-src-fg=\"http:\/\/escalebeaute-coiffure.fr\/wp-content\/uploads\/cache\/2018\/06\/escale-beaut\u00e9-chignons-4\/-748224327.jpg\" class=\"fg-image\" \/><\/a><figcaption class=\"fg-caption\"><div class=\"fg-caption-inner\"><\/div><\/figcaption><\/figure><\/div><div class=\"fg-item\"><figure class=\"fg-item-inner\"><a  href=\"https:\/\/escalebeaute-coiffure.fr\/wp-content\/uploads\/2018\/06\/escale-beaut\u00e9-chignons-5.jpg\" data-attachment-id=\"125\" class=\" fg-thumb\"><img  width=\"160\" height=\"160\" data-src-fg=\"http:\/\/escalebeaute-coiffure.fr\/wp-content\/uploads\/cache\/2018\/06\/escale-beaut\u00e9-chignons-5\/-608580951.jpg\" class=\"fg-image\" \/><\/a><figcaption class=\"fg-caption\"><div class=\"fg-caption-inner\"><\/div><\/figcaption><\/figure><\/div><div class=\"fg-item\"><figure class=\"fg-item-inner\"><a  href=\"https:\/\/escalebeaute-coiffure.fr\/wp-content\/uploads\/2018\/06\/escale-beaut\u00e9-chignons-6.jpg\" data-attachment-id=\"126\" class=\" fg-thumb\"><img  width=\"160\" height=\"160\" data-src-fg=\"http:\/\/escalebeaute-coiffure.fr\/wp-content\/uploads\/cache\/2018\/06\/escale-beaut\u00e9-chignons-6\/-1025862503.jpg\" class=\"fg-image\" \/><\/a><figcaption class=\"fg-caption\"><div class=\"fg-caption-inner\"><\/div><\/figcaption><\/figure><\/div><div class=\"fg-item\"><figure class=\"fg-item-inner\"><a  href=\"https:\/\/escalebeaute-coiffure.fr\/wp-content\/uploads\/2018\/06\/escale-beaut\u00e9-chignons-7.jpg\" data-attachment-id=\"127\" class=\" fg-thumb\"><img  width=\"160\" height=\"160\" data-src-fg=\"http:\/\/escalebeaute-coiffure.fr\/wp-content\/uploads\/cache\/2018\/06\/escale-beaut\u00e9-chignons-7\/-905683319.jpg\" class=\"fg-image\" \/><\/a><figcaption class=\"fg-caption\"><div class=\"fg-caption-inner\"><\/div><\/figcaption><\/figure><\/div><div class=\"fg-item\"><figure class=\"fg-item-inner\"><a  href=\"https:\/\/escalebeaute-coiffure.fr\/wp-content\/uploads\/2018\/06\/escale-beaut\u00e9-chignons-8.jpg\" data-attachment-id=\"128\" class=\" fg-thumb\"><img  width=\"160\" height=\"160\" data-src-fg=\"http:\/\/escalebeaute-coiffure.fr\/wp-content\/uploads\/cache\/2018\/06\/escale-beaut\u00e9-chignons-8\/-1226147719.jpg\" class=\"fg-image\" \/><\/a><figcaption class=\"fg-caption\"><div class=\"fg-caption-inner\"><\/div><\/figcaption><\/figure><\/div><div class=\"fg-item\"><figure class=\"fg-item-inner\"><a  href=\"https:\/\/escalebeaute-coiffure.fr\/wp-content\/uploads\/2018\/06\/escale-beaut\u00e9-chignons-9.jpg\" data-attachment-id=\"129\" class=\" fg-thumb\"><img  width=\"160\" height=\"160\" data-src-fg=\"http:\/\/escalebeaute-coiffure.fr\/wp-content\/uploads\/cache\/2018\/06\/escale-beaut\u00e9-chignons-9\/-1103842711.jpg\" class=\"fg-image\" \/><\/a><figcaption class=\"fg-caption\"><div class=\"fg-caption-inner\"><\/div><\/figcaption><\/figure><\/div><div class=\"fg-item\"><figure class=\"fg-item-inner\"><a  href=\"https:\/\/escalebeaute-coiffure.fr\/wp-content\/uploads\/2018\/06\/escale-beaut\u00e9-chignons-10.jpg\" data-attachment-id=\"130\" class=\" fg-thumb\"><img  width=\"160\" height=\"160\" data-src-fg=\"http:\/\/escalebeaute-coiffure.fr\/wp-content\/uploads\/cache\/2018\/06\/escale-beaut\u00e9-chignons-10\/-1577168328.jpg\" class=\"fg-image\" \/><\/a><figcaption class=\"fg-caption\"><div class=\"fg-caption-inner\"><\/div><\/figcaption><\/figure><\/div><div class=\"fg-item\"><figure class=\"fg-item-inner\"><a  href=\"https:\/\/escalebeaute-coiffure.fr\/wp-content\/uploads\/2018\/06\/escale-beaut\u00e9-chignons-11.jpg\" data-attachment-id=\"131\" class=\" fg-thumb\"><img  width=\"160\" height=\"160\" data-src-fg=\"http:\/\/escalebeaute-coiffure.fr\/wp-content\/uploads\/cache\/2018\/06\/escale-beaut\u00e9-chignons-11\/1737525323.jpg\" class=\"fg-image\" \/><\/a><figcaption class=\"fg-caption\"><div class=\"fg-caption-inner\"><\/div><\/figcaption><\/figure><\/div><div class=\"fg-item\"><figure class=\"fg-item-inner\"><a  href=\"https:\/\/escalebeaute-coiffure.fr\/wp-content\/uploads\/2018\/06\/escale-beaut\u00e9-chignons-12.jpg\" data-attachment-id=\"132\" class=\" fg-thumb\"><img  width=\"160\" height=\"160\" data-src-fg=\"http:\/\/escalebeaute-coiffure.fr\/wp-content\/uploads\/cache\/2018\/06\/escale-beaut\u00e9-chignons-12\/-162340705.jpg\" class=\"fg-image\" \/><\/a><figcaption class=\"fg-caption\"><div class=\"fg-caption-inner\"><\/div><\/figcaption><\/figure><\/div><div class=\"fg-item\"><figure class=\"fg-item-inner\"><a  href=\"https:\/\/escalebeaute-coiffure.fr\/wp-content\/uploads\/2018\/06\/escale-beaut\u00e9-chignons-13.jpg\" data-attachment-id=\"133\" class=\" fg-thumb\"><img  width=\"160\" height=\"160\" data-src-fg=\"http:\/\/escalebeaute-coiffure.fr\/wp-content\/uploads\/cache\/2018\/06\/escale-beaut\u00e9-chignons-13\/809253612.jpg\" class=\"fg-image\" \/><\/a><figcaption class=\"fg-caption\"><div class=\"fg-caption-inner\"><\/div><\/figcaption><\/figure><\/div><div class=\"fg-item\"><figure class=\"fg-item-inner\"><a  href=\"https:\/\/escalebeaute-coiffure.fr\/wp-content\/uploads\/2018\/06\/escale-beaut\u00e9-chignons-14.jpg\" data-attachment-id=\"134\" class=\" fg-thumb\"><img  width=\"160\" height=\"160\" data-src-fg=\"http:\/\/escalebeaute-coiffure.fr\/wp-content\/uploads\/cache\/2018\/06\/escale-beaut\u00e9-chignons-14\/245839734.jpg\" class=\"fg-image\" \/><\/a><figcaption class=\"fg-caption\"><div class=\"fg-caption-inner\"><\/div><\/figcaption><\/figure><\/div><div class=\"fg-item\"><figure class=\"fg-item-inner\"><a  href=\"https:\/\/escalebeaute-coiffure.fr\/wp-content\/uploads\/2018\/06\/escale-beaut\u00e9-chignons-15.jpg\" data-attachment-id=\"135\" class=\" fg-thumb\"><img  width=\"160\" height=\"160\" data-src-fg=\"http:\/\/escalebeaute-coiffure.fr\/wp-content\/uploads\/cache\/2018\/06\/escale-beaut\u00e9-chignons-15\/-926290683.jpg\" class=\"fg-image\" \/><\/a><figcaption class=\"fg-caption\"><div class=\"fg-caption-inner\"><\/div><\/figcaption><\/figure><\/div><div class=\"fg-item\"><figure class=\"fg-item-inner\"><a  href=\"https:\/\/escalebeaute-coiffure.fr\/wp-content\/uploads\/2018\/06\/escale-beaut\u00e9-chignons-16.jpg\" data-attachment-id=\"136\" class=\" fg-thumb\"><img  width=\"160\" height=\"160\" data-src-fg=\"http:\/\/escalebeaute-coiffure.fr\/wp-content\/uploads\/cache\/2018\/06\/escale-beaut\u00e9-chignons-16\/1493927377.jpg\" class=\"fg-image\" \/><\/a><figcaption class=\"fg-caption\"><div class=\"fg-caption-inner\"><\/div><\/figcaption><\/figure><\/div><div class=\"fg-item\"><figure class=\"fg-item-inner\"><a  href=\"https:\/\/escalebeaute-coiffure.fr\/wp-content\/uploads\/2018\/06\/escale-beaut\u00e9-chignons-17.jpg\" data-attachment-id=\"137\" class=\" fg-thumb\"><img  width=\"160\" height=\"160\" data-src-fg=\"http:\/\/escalebeaute-coiffure.fr\/wp-content\/uploads\/cache\/2018\/06\/escale-beaut\u00e9-chignons-17\/-1620746334.jpg\" class=\"fg-image\" \/><\/a><figcaption class=\"fg-caption\"><div class=\"fg-caption-inner\"><\/div><\/figcaption><\/figure><\/div><div class=\"fg-item\"><figure class=\"fg-item-inner\"><a  href=\"https:\/\/escalebeaute-coiffure.fr\/wp-content\/uploads\/2018\/06\/escale-beaut\u00e9-chignons-18.jpg\" data-attachment-id=\"138\" class=\" fg-thumb\"><img  width=\"160\" height=\"160\" data-src-fg=\"http:\/\/escalebeaute-coiffure.fr\/wp-content\/uploads\/cache\/2018\/06\/escale-beaut\u00e9-chignons-18\/608018149.jpg\" class=\"fg-image\" \/><\/a><figcaption class=\"fg-caption\"><div class=\"fg-caption-inner\"><\/div><\/figcaption><\/figure><\/div><div class=\"fg-item\"><figure class=\"fg-item-inner\"><a  href=\"https:\/\/escalebeaute-coiffure.fr\/wp-content\/uploads\/2018\/06\/escale-beaut\u00e9-chignons-19.jpg\" data-attachment-id=\"139\" class=\" fg-thumb\"><img  width=\"160\" height=\"160\" data-src-fg=\"http:\/\/escalebeaute-coiffure.fr\/wp-content\/uploads\/cache\/2018\/06\/escale-beaut\u00e9-chignons-19\/-497859434.jpg\" class=\"fg-image\" \/><\/a><figcaption class=\"fg-caption\"><div class=\"fg-caption-inner\"><\/div><\/figcaption><\/figure><\/div><div class=\"fg-item\"><figure class=\"fg-item-inner\"><a  href=\"https:\/\/escalebeaute-coiffure.fr\/wp-content\/uploads\/2018\/06\/escale-beaut\u00e9-chignons-20.jpg\" data-attachment-id=\"140\" class=\" fg-thumb\"><img  width=\"160\" height=\"160\" data-src-fg=\"http:\/\/escalebeaute-coiffure.fr\/wp-content\/uploads\/cache\/2018\/06\/escale-beaut\u00e9-chignons-20\/-319364509.jpg\" class=\"fg-image\" \/><\/a><figcaption class=\"fg-caption\"><div class=\"fg-caption-inner\"><\/div><\/figcaption><\/figure><\/div><div class=\"fg-item\"><figure class=\"fg-item-inner\"><a  href=\"https:\/\/escalebeaute-coiffure.fr\/wp-content\/uploads\/2018\/06\/escale-beaut\u00e9-chignons-21.jpg\" data-attachment-id=\"141\" class=\" fg-thumb\"><img  width=\"160\" height=\"160\" data-src-fg=\"http:\/\/escalebeaute-coiffure.fr\/wp-content\/uploads\/cache\/2018\/06\/escale-beaut\u00e9-chignons-21\/714618896.jpg\" class=\"fg-image\" \/><\/a><figcaption class=\"fg-caption\"><div class=\"fg-caption-inner\"><\/div><\/figcaption><\/figure><\/div><div class=\"fg-item\"><figure class=\"fg-item-inner\"><a  href=\"https:\/\/escalebeaute-coiffure.fr\/wp-content\/uploads\/2018\/06\/escale-beaut\u00e9-chignons-22.jpg\" data-attachment-id=\"142\" class=\" fg-thumb\"><img  width=\"160\" height=\"160\" data-src-fg=\"http:\/\/escalebeaute-coiffure.fr\/wp-content\/uploads\/cache\/2018\/06\/escale-beaut\u00e9-chignons-22\/-1151708988.jpg\" class=\"fg-image\" \/><\/a><figcaption class=\"fg-caption\"><div class=\"fg-caption-inner\"><\/div><\/figcaption><\/figure><\/div><div class=\"fg-item\"><figure class=\"fg-item-inner\"><a  href=\"https:\/\/escalebeaute-coiffure.fr\/wp-content\/uploads\/2018\/06\/escale-beaut\u00e9-chignons-23.jpg\" data-caption-title=\"????????????????????????????????????\" data-attachment-id=\"143\" class=\" fg-thumb\"><img  title=\"????????????????????????????????????\" width=\"160\" height=\"160\" data-src-fg=\"http:\/\/escalebeaute-coiffure.fr\/wp-content\/uploads\/cache\/2018\/06\/escale-beaut\u00e9-chignons-23\/2100595383.jpg\" class=\"fg-image\" \/><\/a><figcaption class=\"fg-caption\"><div class=\"fg-caption-inner\"><div class=\"fg-caption-title\">????????????????????????????????????<\/div><\/div><\/figcaption><\/figure><\/div><\/div>\r\n\n","protected":false},"excerpt":{"rendered":"<p>Le salon Escale Beaut\u00e9 est titulaire du label coiffeur cr\u00e9ateur Chignons &amp; Coiffure de f\u00eates sur cheveux courts ou longs &hellip; <\/p>\n<p><a href=\"https:\/\/escalebeaute-coiffure.fr\/?page_id=2\" class=\"more-link\">Lire la suite<\/a><\/p>\n","protected":false},"author":1,"featured_media":0,"parent":0,"menu_order":0,"comment_status":"closed","ping_status":"open","template":"","meta":{"footnotes":""},"_links":{"self":[{"href":"https:\/\/escalebeaute-coiffure.fr\/index.php?rest_route=\/wp\/v2\/pages\/2"}],"collection":[{"href":"https:\/\/escalebeaute-coiffure.fr\/index.php?rest_route=\/wp\/v2\/pages"}],"about":[{"href":"https:\/\/escalebeaute-coiffure.fr\/index.php?rest_route=\/wp\/v2\/types\/page"}],"author":[{"embeddable":true,"href":"https:\/\/escalebeaute-coiffure.fr\/index.php?rest_route=\/wp\/v2\/users\/1"}],"replies":[{"embeddable":true,"href":"https:\/\/escalebeaute-coiffure.fr\/index.php?rest_route=%2Fwp%2Fv2%2Fcomments&post=2"}],"version-history":[{"count":4,"href":"https:\/\/escalebeaute-coiffure.fr\/index.php?rest_route=\/wp\/v2\/pages\/2\/revisions"}],"predecessor-version":[{"id":144,"href":"https:\/\/escalebeaute-coiffure.fr\/index.php?rest_route=\/wp\/v2\/pages\/2\/revisions\/144"}],"wp:attachment":[{"href":"https:\/\/escalebeaute-coiffure.fr\/index.php?rest_route=%2Fwp%2Fv2%2Fmedia&parent=2"}],"curies":[{"name":"wp","href":"https:\/\/api.w.org\/{rel}","templated":true}]}}